{"id":109,"date":"2023-03-01T16:56:27","date_gmt":"2023-03-01T16:56:27","guid":{"rendered":"https:\/\/www.hynyla.fi\/?page_id=109"},"modified":"2023-03-03T14:05:23","modified_gmt":"2023-03-03T14:05:23","slug":"ilmoittautuminen","status":"publish","type":"page","link":"https:\/\/www.hynyla.fi\/hyny\/ilmoittautuminen\/","title":{"rendered":"Ilmoittautuminen"},"content":{"rendered":"\n<p>T\u00e4ll\u00e4 sivulla voit ilmoittautua kummiksi valintasi mukaan.<\/p>\n\n\n\n<p>Voit my\u00f6s v\u00e4litt\u00e4\u00e4 meille kysymyksen, johon vastaamme mahdollisimman nopeasti.<\/p>\n\n\n\n<div class=\"wp-block-contact-form-7-contact-form-selector\">\n<div class=\"wpcf7 no-js\" id=\"wpcf7-f116-o1\" lang=\"fi\" dir=\"ltr\">\n<div class=\"screen-reader-response\"><p role=\"status\" aria-live=\"polite\" aria-atomic=\"true\"><\/p> <ul><\/ul><\/div>\n<form action=\"\/hyny\/wp-json\/wp\/v2\/pages\/109#wpcf7-f116-o1\" method=\"post\" class=\"wpcf7-form init\" aria-label=\"Contact form\" novalidate=\"novalidate\" data-status=\"init\">\n<div style=\"display: none;\">\n<input type=\"hidden\" name=\"_wpcf7\" value=\"116\" \/>\n<input type=\"hidden\" name=\"_wpcf7_version\" value=\"5.7.4\" \/>\n<input type=\"hidden\" name=\"_wpcf7_locale\" value=\"fi\" \/>\n<input type=\"hidden\" name=\"_wpcf7_unit_tag\" value=\"wpcf7-f116-o1\" \/>\n<input type=\"hidden\" name=\"_wpcf7_container_post\" value=\"0\" \/>\n<input type=\"hidden\" name=\"_wpcf7_posted_data_hash\" value=\"\" \/>\n<\/div>\n<p>Ilmoittautuminen\n<\/p>\n<style>\n.mess {\n float: left ;\n padding: 8px;\n text-align: left;\n vertical-align: text-top;\n}\n#Ilmoittautuminen{\n font-family: \"Trebuchet MS\", Arial, Helvetica, sans-serif;\n border-collapse: collapse;\n width: 100%;\n}\n\n#Ilmoittautuminen td, #Ilmoittautuminen th {\n vertical-align: text-top;\n text-align: left;\n border: 1px solid #ddd;\n padding: 8px;\n}\n\n#Ilmoittautuminen tr:nth-child(even){background-color: #f2f2f2;}\n\n#Ilmoittautuminen tr:hover {background-color: #ddd;}\n\n#Ilmoittautuminen th {\n vertical-align: text-top;\n padding-top: 12px;\n padding-bottom: 12px;\n text-align: left;\n background-color: #4CAF50;\n color: white;\n}\n<\/style>\n<p style=\" border-width: thick;\">\n<\/p>\n<table id=\"Ilmoittautuminen\" >\n\t<tr>\n\t\t<td style=\"width: 20%; \">\n\t\t\t<p>Nimi (Pakollinen):\n\t\t\t<\/p>\n\t\t<\/td>\n\t\t<td style=\"width: 80%; \">\n\t\t\t<div class=\"mess\">\n\t\t\t\t<p><span class=\"wpcf7-form-control-wrap\" data-name=\"your-name\"><input size=\"40\" class=\"wpcf7-form-control wpcf7-text wpcf7-validates-as-required\" aria-required=\"true\" aria-invalid=\"false\" value=\"\" type=\"text\" name=\"your-name\" \/><\/span>\n\t\t\t\t<\/p>\n\t\t\t<\/div>\n\t\t\t<div class=\"mess\">\n\t\t\t<\/div>\n\t\t<\/td>\n\t<\/tr>\n\t<tr>\n\t\t<td style=\"width: 20%; \">\n\t\t\t<p>Kummiksi ilmoittautuminen<br \/>\ntai kysely<br \/>\n(Pakollinen):\n\t\t\t<\/p>\n\t\t<\/td>\n\t\t<td style=\"width: 80%; \">\n\t\t\t<div class=\"mess\">\n\t\t\t\t<p><span class=\"wpcf7-form-control-wrap\" data-name=\"night-where\"><select class=\"wpcf7-form-control wpcf7-select wpcf7-validates-as-required\" aria-required=\"true\" aria-invalid=\"false\" name=\"night-where\"><option value=\"\">&#8212; Valitse vaihtoehto&#8212; <\/option><option value=\"Lapsikummi\">Lapsikummi<\/option><option value=\"Koulukummi\">Koulukummi<\/option><option value=\"Kotikummi\">Kotikummi<\/option><option value=\"Kysymys kummitoiminnasta\">Kysymys kummitoiminnasta<\/option><option value=\"Yhteydenottopyynt\u00f6\">Yhteydenottopyynt\u00f6<\/option><\/select><\/span>\n\t\t\t\t<\/p>\n\t\t\t<\/div>\n\t\t\t<div class=\"mess\">\n\t\t\t\t<p><b>Kummiksi ilmoittautuminen tai kysely.<\/b>\n\t\t\t\t<\/p>\n\t\t\t<\/div>\n\t\t<\/td>\n\t<\/tr>\n\t<tr>\n\t\t<td style=\"width: 20%; \">\n\t\t\t<p>S\u00e4hk\u00f6posti (Pakollinen):\n\t\t\t<\/p>\n\t\t<\/td>\n\t\t<td style=\"width: 80%; \">\n\t\t\t<div class=\"mess\">\n\t\t\t\t<p><span class=\"wpcf7-form-control-wrap\" data-name=\"your-email\"><input size=\"40\" class=\"wpcf7-form-control wpcf7-text wpcf7-email wpcf7-validates-as-required wpcf7-validates-as-email\" aria-required=\"true\" aria-invalid=\"false\" value=\"\" type=\"email\" name=\"your-email\" \/><\/span>\n\t\t\t\t<\/p>\n\t\t\t<\/div>\n\t\t\t<div class=\"mess\">\n\t\t\t<\/div>\n\t\t<\/td>\n\t<\/tr>\n\t<tr>\n\t\t<td style=\"width: 20%; \">\n\t\t\t<p>Puhelinnumero:\n\t\t\t<\/p>\n\t\t<\/td>\n\t\t<td style=\"width: 80%; \">\n\t\t\t<div class=\"mess\">\n\t\t\t\t<p><span class=\"wpcf7-form-control-wrap\" data-name=\"your-puhelin\"><input size=\"40\" class=\"wpcf7-form-control wpcf7-text wpcf7-tel wpcf7-validates-as-tel\" aria-invalid=\"false\" value=\"\" type=\"tel\" name=\"your-puhelin\" \/><\/span>\n\t\t\t\t<\/p>\n\t\t\t<\/div>\n\t\t\t<div class=\"mess\">\n\t\t\t<\/div>\n\t\t<\/td>\n\t<\/tr>\n\t<tr>\n\t\t<td style=\"width: 20%; \">\n\t\t\t<p>Viesti:\n\t\t\t<\/p>\n\t\t<\/td>\n\t\t<td style=\"width: 80%; \">\n\t\t\t<div class=\"mess\">\n\t\t\t\t<p><span class=\"wpcf7-form-control-wrap\" data-name=\"your-message\"><textarea cols=\"40\" rows=\"10\" class=\"wpcf7-form-control wpcf7-textarea\" aria-invalid=\"false\" name=\"your-message\"><\/textarea><\/span>\n\t\t\t\t<\/p>\n\t\t\t<\/div>\n\t\t\t<div class=\"mess\">\n\t\t\t<\/div>\n\t\t<\/td>\n\t<\/tr>\n<\/table>\n<p>Henkil\u00f6tietolauseke:<br \/>\nL\u00e4hett\u00e4m\u00e4ll\u00e4 t\u00e4m\u00e4n lomakkeen hyv\u00e4ksyt henkil\u00f6tietojen k\u00e4sittelyn.<br \/>\nK\u00e4yt\u00e4mme tietoja vain ilmoittamanne tarkoitukseen tarvittavien toimenpiteit\u00e4<br \/>\nvarten tietosuojalain mukaisesti.\n<\/p>\n<p><input class=\"wpcf7-form-control has-spinner wpcf7-submit\" type=\"submit\" value=\"L\u00e4het\u00e4\" \/>\n<\/p><p style=\"display: none !important;\"><label>&#916;<textarea name=\"_wpcf7_ak_hp_textarea\" cols=\"45\" rows=\"8\" maxlength=\"100\"><\/textarea><\/label><input type=\"hidden\" id=\"ak_js_1\" name=\"_wpcf7_ak_js\" value=\"7\"\/><script>document.getElementById( \"ak_js_1\" ).setAttribute( \"value\", ( new Date() ).getTime() );<\/script><\/p><div class=\"wpcf7-response-output\" aria-hidden=\"true\"><\/div>\n<\/form>\n<\/div>\n<\/div>\n","protected":false},"excerpt":{"rendered":"<p>T\u00e4ll\u00e4 sivulla voit ilmoittautua kummiksi valintasi mukaan. Voit my\u00f6s v\u00e4litt\u00e4\u00e4 meille kysymyksen, johon vastaamme mahdollisimman nopeasti.<\/p>\n","protected":false},"author":1,"featured_media":0,"parent":0,"menu_order":0,"comment_status":"closed","ping_status":"closed","template":"","meta":{"footnotes":""},"class_list":["post-109","page","type-page","status-publish","hentry"],"_links":{"self":[{"href":"https:\/\/www.hynyla.fi\/hyny\/wp-json\/wp\/v2\/pages\/109","targetHints":{"allow":["GET"]}}],"collection":[{"href":"https:\/\/www.hynyla.fi\/hyny\/wp-json\/wp\/v2\/pages"}],"about":[{"href":"https:\/\/www.hynyla.fi\/hyny\/wp-json\/wp\/v2\/types\/page"}],"author":[{"embeddable":true,"href":"https:\/\/www.hynyla.fi\/hyny\/wp-json\/wp\/v2\/users\/1"}],"replies":[{"embeddable":true,"href":"https:\/\/www.hynyla.fi\/hyny\/wp-json\/wp\/v2\/comments?post=109"}],"version-history":[{"count":3,"href":"https:\/\/www.hynyla.fi\/hyny\/wp-json\/wp\/v2\/pages\/109\/revisions"}],"predecessor-version":[{"id":148,"href":"https:\/\/www.hynyla.fi\/hyny\/wp-json\/wp\/v2\/pages\/109\/revisions\/148"}],"wp:attachment":[{"href":"https:\/\/www.hynyla.fi\/hyny\/wp-json\/wp\/v2\/media?parent=109"}],"curies":[{"name":"wp","href":"https:\/\/api.w.org\/{rel}","templated":true}]}}