{"id":124,"date":"2023-03-01T19:56:40","date_gmt":"2023-03-01T19:56:40","guid":{"rendered":"https:\/\/www.hynyla.fi\/?page_id=124"},"modified":"2023-03-03T14:14:34","modified_gmt":"2023-03-03T14:14:34","slug":"tukimuodot","status":"publish","type":"page","link":"https:\/\/www.hynyla.fi\/hyny\/tukimuodot\/","title":{"rendered":"Tukimuodot"},"content":{"rendered":"\n<p>Tule kummiksi:<\/p>\n\n\n\n<div class=\"wp-block-columns is-layout-flex wp-container-core-columns-is-layout-9d6595d7 wp-block-columns-is-layout-flex\">\n<div class=\"wp-block-column is-layout-flow wp-block-column-is-layout-flow\" style=\"flex-basis:33.34%\">\n<h2 class=\"wp-block-heading\"><img loading=\"lazy\" decoding=\"async\" width=\"60\" height=\"60\" class=\"wp-image-29\" style=\"width: 60px;\" src=\"https:\/\/www.hynyla.fi\/wp-content\/uploads\/2022\/06\/cropped-hynylaicon.png\" alt=\"\" srcset=\"https:\/\/www.hynyla.fi\/wp-content\/uploads\/2022\/06\/cropped-hynylaicon.png 512w, https:\/\/www.hynyla.fi\/wp-content\/uploads\/2022\/06\/cropped-hynylaicon-300x300.png 300w, https:\/\/www.hynyla.fi\/wp-content\/uploads\/2022\/06\/cropped-hynylaicon-150x150.png 150w, https:\/\/www.hynyla.fi\/wp-content\/uploads\/2022\/06\/cropped-hynylaicon-270x270.png 270w, https:\/\/www.hynyla.fi\/wp-content\/uploads\/2022\/06\/cropped-hynylaicon-192x192.png 192w, https:\/\/www.hynyla.fi\/wp-content\/uploads\/2022\/06\/cropped-hynylaicon-180x180.png 180w, https:\/\/www.hynyla.fi\/wp-content\/uploads\/2022\/06\/cropped-hynylaicon-32x32.png 32w\" sizes=\"auto, (max-width: 60px) 100vw, 60px\" \/>Lapselle<\/h2>\n\n\n\n<p>Lapsikummi auttaa lasta mahdollistaen kodin ja yll\u00e4pidon koko lapsuuden ajan.<\/p>\n\n\n\n<p>Kummi saa vastineeksi henkil\u00f6kohtaisia kirjeit\u00e4 sek\u00e4 muuta infoa lapsen kehityksest\u00e4. Lapsen kuukausikannatus on 35 \u20ac kuukaudessa.<\/p>\n<\/div>\n\n\n\n<div class=\"wp-block-column is-layout-flow wp-block-column-is-layout-flow\" style=\"flex-basis:33.34%\">\n<h2 class=\"wp-block-heading\"><img loading=\"lazy\" decoding=\"async\" width=\"60\" height=\"60\" class=\"wp-image-65\" style=\"width: 60px;\" src=\"https:\/\/www.hynyla.fi\/wp-content\/uploads\/2022\/06\/children.png\" alt=\"\" srcset=\"https:\/\/www.hynyla.fi\/wp-content\/uploads\/2022\/06\/children.png 512w, https:\/\/www.hynyla.fi\/wp-content\/uploads\/2022\/06\/children-300x300.png 300w, https:\/\/www.hynyla.fi\/wp-content\/uploads\/2022\/06\/children-150x150.png 150w\" sizes=\"auto, (max-width: 60px) 100vw, 60px\" \/>Koululle<\/h2>\n\n\n\n<p>Tue yht\u00e4 Hynyn koulun luokkaa ja mahdollista n\u00e4in  tulevaisuus yhdelle koulun oppilaalle.<\/p>\n\n\n\n<p>Luokkakummin kuukausikannatus on 20 \u20ac kuukaudessa.<\/p>\n<\/div>\n\n\n\n<div class=\"wp-block-column is-layout-flow wp-block-column-is-layout-flow\" style=\"flex-basis:33.33%\">\n<h2 class=\"wp-block-heading\"><img loading=\"lazy\" decoding=\"async\" width=\"60\" height=\"48\" class=\"wp-image-120\" style=\"width: 60px;\" src=\"https:\/\/www.hynyla.fi\/wp-content\/uploads\/2023\/03\/talo.jpg\" alt=\"\" srcset=\"https:\/\/www.hynyla.fi\/wp-content\/uploads\/2023\/03\/talo.jpg 520w, https:\/\/www.hynyla.fi\/wp-content\/uploads\/2023\/03\/talo-300x241.jpg 300w\" sizes=\"auto, (max-width: 60px) 100vw, 60px\" \/> Kodille<\/h2>\n\n\n\n<p>Kotikummina voit tukea koko yhteis\u00f6\u00e4. Mahdollisuus tukea useampaa lasta tai luokkaa, esimerkiksi yrityksen\u00e4 tai muun ryhm\u00e4n kanssa.<\/p>\n\n\n\n<p>Kotikummin kuukausikannatus on 40 \u20ac kuukaudessa.<\/p>\n<\/div>\n<\/div>\n\n\n\n<div class=\"wp-block-columns is-layout-flex wp-container-core-columns-is-layout-9d6595d7 wp-block-columns-is-layout-flex\">\n<div class=\"wp-block-column is-layout-flow wp-block-column-is-layout-flow\">\n<p>Kummina saat s\u00e4\u00e4nn\u00f6llisesti tietoa lapsen tai luokan el\u00e4m\u00e4st\u00e4 ja kehityksest\u00e4.<\/p>\n\n\n\n<p><a rel=\"noreferrer noopener\" href=\"https:\/\/www.avainseurakunta.fi\/wp\/wp-content\/uploads\/2022\/08\/Tiedote-1.8.2022-A51.pdf\" target=\"_blank\">Kummity\u00f6n tiedote 1.8.2022<\/a> <a href=\"https:\/\/www.avainseurakunta.fi\/wp\/wp-content\/uploads\/2022\/08\/Tiedote-1.8.2022-A51.pdf\">Lataa<\/a><\/p>\n\n\n\n<p>Otamme vastaan my\u00f6s yksitt\u00e4islahjoituksia. Voit my\u00f6s tukea ty\u00f6t\u00e4 rukouksin ja halutessasi voimme liitt\u00e4\u00e4 sinut my\u00f6s rukouskirjeen postituslistalle.<\/p>\n<\/div>\n<\/div>\n\n\n\n<pre class=\"wp-block-preformatted\">Tiliyhteystiedot:\nSaaja: Rauman helluntail\u00e4hetys ry \/ Kummity\u00f6\nBIC: ITELFIHH | <img decoding=\"async\" style=\"width: 70px;\" src=\"https:\/\/www.avainseurakunta.fi\/wp\/wp-content\/uploads\/2023\/01\/OmaSp_logo_vihre%C3%A4_RBG.png\" alt=\"\">\nTilinumero: FI19 4108 0012 0446 27\nYksitt\u00e4islahjoitusten viitenumero: 10003\n\n<a rel=\"noreferrer noopener\" href=\"https:\/\/mobilepay.fi\/Yrityksille\/Maksulinkki\/maksulinkki-vastaus?phone=61719&amp;comment=10003\" target=\"_blank\"><img loading=\"lazy\" decoding=\"async\" width=\"150\" height=\"42\" class=\"wp-image-138\" style=\"width: 150px;\" src=\"https:\/\/www.hynyla.fi\/wp-content\/uploads\/2023\/03\/small@2x.png\" alt=\"\"><\/a>\nLahjoita koodilla: <a rel=\"noreferrer noopener\" href=\"https:\/\/mobilepay.fi\/Yrityksille\/Maksulinkki\/maksulinkki-vastaus?phone=61719&amp;comment=10003\" target=\"_blank\">61719<\/a><\/pre>\n\n\n\n<p><em>Ty\u00f6muodon rahanker\u00e4yslupa: RA\/2022\/1055, my\u00f6nnetty 15.7.202<\/em>2.<em>&nbsp;Voimassa toistaiseksi Suomessa, pois lukien Ahvenanmaa.<\/em><\/p>\n","protected":false},"excerpt":{"rendered":"<p>Tule kummiksi: Lapselle Lapsikummi auttaa lasta mahdollistaen kodin ja yll\u00e4pidon koko lapsuuden ajan. Kummi saa vastineeksi henkil\u00f6kohtaisia kirjeit\u00e4 sek\u00e4 muuta infoa lapsen kehityksest\u00e4. Lapsen kuukausikannatus on 35 \u20ac kuukaudessa. Koululle Tue yht\u00e4 Hynyn koulun luokkaa ja mahdollista n\u00e4in tulevaisuus yhdelle koulun oppilaalle. Luokkakummin kuukausikannatus on 20 \u20ac kuukaudessa. Kodille Kotikummina voit tukea koko yhteis\u00f6\u00e4. Mahdollisuus &hellip; <\/p>\n<p class=\"link-more\"><a href=\"https:\/\/www.hynyla.fi\/hyny\/tukimuodot\/\" class=\"more-link\">Jatka lukemista<span class=\"screen-reader-text\"> &#8221;Tukimuodot&#8221;<\/span><\/a><\/p>\n","protected":false},"author":1,"featured_media":0,"parent":0,"menu_order":0,"comment_status":"closed","ping_status":"closed","template":"","meta":{"footnotes":""},"class_list":["post-124","page","type-page","status-publish","hentry"],"_links":{"self":[{"href":"https:\/\/www.hynyla.fi\/hyny\/wp-json\/wp\/v2\/pages\/124","targetHints":{"allow":["GET"]}}],"collection":[{"href":"https:\/\/www.hynyla.fi\/hyny\/wp-json\/wp\/v2\/pages"}],"about":[{"href":"https:\/\/www.hynyla.fi\/hyny\/wp-json\/wp\/v2\/types\/page"}],"author":[{"embeddable":true,"href":"https:\/\/www.hynyla.fi\/hyny\/wp-json\/wp\/v2\/users\/1"}],"replies":[{"embeddable":true,"href":"https:\/\/www.hynyla.fi\/hyny\/wp-json\/wp\/v2\/comments?post=124"}],"version-history":[{"count":6,"href":"https:\/\/www.hynyla.fi\/hyny\/wp-json\/wp\/v2\/pages\/124\/revisions"}],"predecessor-version":[{"id":150,"href":"https:\/\/www.hynyla.fi\/hyny\/wp-json\/wp\/v2\/pages\/124\/revisions\/150"}],"wp:attachment":[{"href":"https:\/\/www.hynyla.fi\/hyny\/wp-json\/wp\/v2\/media?parent=124"}],"curies":[{"name":"wp","href":"https:\/\/api.w.org\/{rel}","templated":true}]}}