{"id":36,"date":"2022-06-02T12:02:46","date_gmt":"2022-06-02T12:02:46","guid":{"rendered":"https:\/\/www.hynyla.fi\/?page_id=36"},"modified":"2023-03-03T14:18:01","modified_gmt":"2023-03-03T14:18:01","slug":"tietoja","status":"publish","type":"page","link":"https:\/\/www.hynyla.fi\/hyny\/tietoja\/","title":{"rendered":"Tietoja"},"content":{"rendered":"\n<h2 class=\"wp-block-heading\">Machilipatnamin lastenkodit<\/h2>\n\n\n\n<p>Lastenkoteja on aktiivisena kolme, joista yksi on tyt\u00f6ille, toinen on pienille pojille ja kolmas isommille pojille.<\/p>\n\n\n\n<p>P\u00e4\u00e4talon yhteydess\u00e4 sijaitsevat isojenpoikien koti sek\u00e4 hallintorakennus ja Hynyn koulu.<\/p>\n\n\n\n<p><\/p>\n\n\n\n<figure class=\"wp-block-gallery has-nested-images columns-default is-cropped wp-block-gallery-1 is-layout-flex wp-block-gallery-is-layout-flex\">\n<figure class=\"wp-block-image size-full\"><img loading=\"lazy\" decoding=\"async\" width=\"3888\" height=\"2592\" data-id=\"72\" src=\"https:\/\/www.hynyla.fi\/wp-content\/uploads\/2022\/06\/intianlapsia1-1.png\" alt=\"\" class=\"wp-image-72\" srcset=\"https:\/\/www.hynyla.fi\/wp-content\/uploads\/2022\/06\/intianlapsia1-1.png 3888w, https:\/\/www.hynyla.fi\/wp-content\/uploads\/2022\/06\/intianlapsia1-1-300x200.png 300w\" sizes=\"auto, (max-width: 706px) 89vw, (max-width: 767px) 82vw, 740px\" \/><\/figure>\n<\/figure>\n","protected":false},"excerpt":{"rendered":"<p>Machilipatnamin lastenkodit Lastenkoteja on aktiivisena kolme, joista yksi on tyt\u00f6ille, toinen on pienille pojille ja kolmas isommille pojille. P\u00e4\u00e4talon yhteydess\u00e4 sijaitsevat isojenpoikien koti sek\u00e4 hallintorakennus ja Hynyn koulu.<\/p>\n","protected":false},"author":2,"featured_media":0,"parent":0,"menu_order":0,"comment_status":"closed","ping_status":"closed","template":"","meta":{"footnotes":""},"class_list":["post-36","page","type-page","status-publish","hentry"],"_links":{"self":[{"href":"https:\/\/www.hynyla.fi\/hyny\/wp-json\/wp\/v2\/pages\/36","targetHints":{"allow":["GET"]}}],"collection":[{"href":"https:\/\/www.hynyla.fi\/hyny\/wp-json\/wp\/v2\/pages"}],"about":[{"href":"https:\/\/www.hynyla.fi\/hyny\/wp-json\/wp\/v2\/types\/page"}],"author":[{"embeddable":true,"href":"https:\/\/www.hynyla.fi\/hyny\/wp-json\/wp\/v2\/users\/2"}],"replies":[{"embeddable":true,"href":"https:\/\/www.hynyla.fi\/hyny\/wp-json\/wp\/v2\/comments?post=36"}],"version-history":[{"count":8,"href":"https:\/\/www.hynyla.fi\/hyny\/wp-json\/wp\/v2\/pages\/36\/revisions"}],"predecessor-version":[{"id":152,"href":"https:\/\/www.hynyla.fi\/hyny\/wp-json\/wp\/v2\/pages\/36\/revisions\/152"}],"wp:attachment":[{"href":"https:\/\/www.hynyla.fi\/hyny\/wp-json\/wp\/v2\/media?parent=36"}],"curies":[{"name":"wp","href":"https:\/\/api.w.org\/{rel}","templated":true}]}}