{"id":96,"date":"2023-03-01T15:39:44","date_gmt":"2023-03-01T15:39:44","guid":{"rendered":"https:\/\/www.hynyla.fi\/?page_id=96"},"modified":"2023-03-03T14:03:18","modified_gmt":"2023-03-03T14:03:18","slug":"96-2","status":"publish","type":"page","link":"https:\/\/www.hynyla.fi\/hyny\/","title":{"rendered":"Tervetuloa"},"content":{"rendered":"\n<h2 class=\"wp-block-heading\">Tervetuloa!<\/h2>\n\n\n\n<p>Aune Hynyn lastenkodit ja koulut sijaitsevat Intian Machilipatnamissa. Aune Hyny meni 1950-luvulla Intiaan ja perusti kodit. H\u00e4n rakensi kotien yhteyteen my\u00f6s koulun, jossa yl\u00e4- ja ala-asteet.<\/p>\n\n\n\n<p>Tulemme kertomaan enemm\u00e4n n\u00e4ill\u00e4 sivuilla sinulle Aune Hynyn aloittamasta toiminnasta ja siit\u00e4, miten voit olla tukemassa sit\u00e4.<\/p>\n\n\n\n<p>Olemme kiitollisia kiinnostuksestasi lastenkoteja kohtaan ja toivomme my\u00f6s sinun auttavan niit\u00e4 lapsia, jotka ovat kaikkein k\u00f6yhimmist\u00e4 oloista ja jotka saavat avun kodeilla ja voivat oppia koulussa kirjoittamaan ja lukemaan.<\/p>\n\n\n\n<p>Toimimme Intian Machilipatnamissa sijaitsevien Hynyl\u00e4n lastenkotien ja koulujen tukena. Sin\u00e4 voit kummina tukea lasta tai kokonaista koululuokkaa ja mahdollistaa n\u00e4in monien kastittomien ja orpolasten tulevaisuuden ja toivon.<\/p>\n\n\n\n<p><strong>Mik\u00e4li olet kiinnostunut kummity\u00f6st\u00e4 tai haluat tulla kummiksi, ota yhteytt\u00e4\u00a0<a href=\"mailto:kummisihteeri@hynyla.fi\">kummisihteeri(at)hynyla.fi tai puh. 0400965076 <\/a><\/strong> tai vaihtoehtoisesti ilmoittautua t\u00e4ytt\u00e4m\u00e4ll\u00e4 n\u00e4ill\u00e4 sivuilla olevan <a href=\"https:\/\/www.hynyla.fi\/ilmoittautuminen\/\">lomakkeen<\/a>.<\/p>\n","protected":false},"excerpt":{"rendered":"<p>Tervetuloa! Aune Hynyn lastenkodit ja koulut sijaitsevat Intian Machilipatnamissa. Aune Hyny meni 1950-luvulla Intiaan ja perusti kodit. H\u00e4n rakensi kotien yhteyteen my\u00f6s koulun, jossa yl\u00e4- ja ala-asteet. Tulemme kertomaan enemm\u00e4n n\u00e4ill\u00e4 sivuilla sinulle Aune Hynyn aloittamasta toiminnasta ja siit\u00e4, miten voit olla tukemassa sit\u00e4. Olemme kiitollisia kiinnostuksestasi lastenkoteja kohtaan ja toivomme my\u00f6s sinun auttavan niit\u00e4 &hellip; <\/p>\n<p class=\"link-more\"><a href=\"https:\/\/www.hynyla.fi\/hyny\/\" class=\"more-link\">Jatka lukemista<span class=\"screen-reader-text\"> &#8221;Tervetuloa&#8221;<\/span><\/a><\/p>\n","protected":false},"author":1,"featured_media":0,"parent":0,"menu_order":0,"comment_status":"closed","ping_status":"closed","template":"","meta":{"footnotes":""},"class_list":["post-96","page","type-page","status-publish","hentry"],"_links":{"self":[{"href":"https:\/\/www.hynyla.fi\/hyny\/wp-json\/wp\/v2\/pages\/96","targetHints":{"allow":["GET"]}}],"collection":[{"href":"https:\/\/www.hynyla.fi\/hyny\/wp-json\/wp\/v2\/pages"}],"about":[{"href":"https:\/\/www.hynyla.fi\/hyny\/wp-json\/wp\/v2\/types\/page"}],"author":[{"embeddable":true,"href":"https:\/\/www.hynyla.fi\/hyny\/wp-json\/wp\/v2\/users\/1"}],"replies":[{"embeddable":true,"href":"https:\/\/www.hynyla.fi\/hyny\/wp-json\/wp\/v2\/comments?post=96"}],"version-history":[{"count":7,"href":"https:\/\/www.hynyla.fi\/hyny\/wp-json\/wp\/v2\/pages\/96\/revisions"}],"predecessor-version":[{"id":146,"href":"https:\/\/www.hynyla.fi\/hyny\/wp-json\/wp\/v2\/pages\/96\/revisions\/146"}],"wp:attachment":[{"href":"https:\/\/www.hynyla.fi\/hyny\/wp-json\/wp\/v2\/media?parent=96"}],"curies":[{"name":"wp","href":"https:\/\/api.w.org\/{rel}","templated":true}]}}